{"id":9366,"date":"2020-09-08T12:58:15","date_gmt":"2020-09-08T10:58:15","guid":{"rendered":"http:\/\/hotel-heldt.de.w01bc900.kasserver.com\/impressum\/"},"modified":"2022-04-04T13:18:09","modified_gmt":"2022-04-04T11:18:09","slug":"imprint","status":"publish","type":"page","link":"https:\/\/hotel-heldt.de\/en\/imprint\/","title":{"rendered":"Imprint"},"content":{"rendered":"<div id='hotel'  class='avia-section main_color avia-section-default avia-no-border-styling  avia-bg-style-scroll  avia-builder-el-0  avia-builder-el-no-sibling   av-minimum-height av-minimum-height-75  container_wrap fullsize' style=' '   data-av_minimum_height_pc='75'><div class='container' ><main  role=\"main\" itemprop=\"mainContentOfPage\"  class='template-page content  av-content-full alpha units'><div class='post-entry post-entry-type-page post-entry-9366'><div class='entry-content-wrapper clearfix'>\n<div  style='height:20px' class='hr hr-invisible  av-desktop-hide av-medium-hide  avia-builder-el-1  el_before_av_one_fifth  avia-builder-el-first '><span class='hr-inner ' ><span class='hr-inner-style'><\/span><\/span><\/div>\n<div class=\"flex_column av_one_fifth  flex_column_div av-zero-column-padding first  avia-builder-el-2  el_after_av_hr  el_before_av_three_fifth  \" style='border-radius:0px; '><\/div><div class=\"flex_column av_three_fifth  flex_column_div av-zero-column-padding   avia-builder-el-3  el_after_av_one_fifth  el_before_av_one_fifth  \" style='border-radius:0px; '><p><div  style='padding-bottom:10px; margin: 0px 0px 0px 0px;font-size:50px;' class='av-special-heading av-special-heading-h1  blockquote modern-quote modern-centered  avia-builder-el-4  el_before_av_textblock  avia-builder-el-first  av-inherit-size '><h1 class='av-special-heading-tag '  itemprop=\"headline\"  >Imprint<\/h1><div class='special-heading-border'><div class='special-heading-inner-border' ><\/div><\/div><\/div><br \/>\n<section class=\"av_textblock_section \"  itemscope=\"itemscope\" itemtype=\"https:\/\/schema.org\/CreativeWork\" ><div class='avia_textblock  av_inherit_color '  style='color:#000000; '  itemprop=\"text\" ><p style=\"text-align: center;\"><strong>As a service for guests on our website we present basic information in English. The imprint listed in German below is legally binding.<\/strong><\/p>\n<p style=\"text-align: center;\">Hotel Heldt Betriebs-GmbH<br \/>\nFriedhofstra\u00dfe 41<br \/>\n28213 Bremen, Schwachhausen<br \/>\nTelefon (0421) 43 60 300<br \/>\nTelefax (0421) 21 51 45<\/p>\n<p style=\"text-align: center;\"><a href=\"mailto:info@hotel-heldt.de\">info@hotel-heldt.de<\/a><br \/>\n<a href=\"http:\/\/www.hotel-heldt.de\">www.hotel-heldt.de<\/a><\/p>\n<p style=\"text-align: center;\"><strong>Verantwortlich f\u00fcr den Inhalt<\/strong><br \/>\nMarkus Heldt, Gesch\u00e4ftsf\u00fchrer<br \/>\nHR Bremen, HRB: 17 141<br \/>\nSt.-Nr.: 460 118 02794<\/p>\n<p style=\"text-align: center;\">USt-IdNr.: DE 183 903 340<\/p>\n<p style=\"text-align: center;\"><strong>Konzeption &amp; Gestaltung<\/strong><br \/>\nopensmjle.com<\/p>\n<p style=\"text-align: center;\"><strong>Haftungsausschluss<\/strong><br \/>\nHaftung f\u00fcr Inhalte<\/p>\n<p style=\"text-align: center;\">Als Diensteanbieter sind wir gem\u00e4\u00df \u00a7 7 Abs.1 TMG f\u00fcr eigene Inhalte auf diesen Seiten nach den allgemeinen Gesetzen verantwortlich. Nach \u00a7\u00a7 8 bis 10 TMG sind wir als Diensteanbieter jedoch nicht verpflichtet, \u00fcbermittelte oder gespeicherte fremde Informationen zu \u00fcberwachen oder nach Umst\u00e4nden zu forschen, die auf eine rechtswidrige T\u00e4tigkeit hinweisen. Verpflichtungen zur Entfernung oder Sperrung der Nutzung von Informationen nach den allgemeinen Gesetzen bleiben hiervon unber\u00fchrt. Eine diesbez\u00fcgliche Haftung ist jedoch erst ab dem Zeitpunkt der Kenntnis einer konkreten Rechtsverletzung m\u00f6glich. Bei Bekanntwerden von entsprechenden Rechtsverletzungen werden wir diese Inhalte umgehend entfernen.<\/p>\n<p style=\"text-align: center;\"><strong>Haftung f\u00fcr Links<\/strong><\/p>\n<p style=\"text-align: center;\">Unser Angebot enth\u00e4lt Links zu externen Webseiten Dritter, auf deren Inhalte wir keinen Einfluss haben. Deshalb k\u00f6nnen wir f\u00fcr diese fremden Inhalte auch keine Gew\u00e4hr \u00fcbernehmen. F\u00fcr die Inhalte der verlinkten Seiten ist stets der jeweilige Anbieter oder Betreiber der Seiten verantwortlich. Die verlinkten Seiten wurden zum Zeitpunkt der Verlinkung auf m\u00f6gliche Rechtsverst\u00f6\u00dfe \u00fcberpr\u00fcft. Rechtswidrige Inhalte waren zum Zeitpunkt der Verlinkung nicht erkennbar. Eine permanente inhaltliche Kontrolle der verlinkten Seiten ist jedoch ohne konkrete Anhaltspunkte einer Rechtsverletzung nicht zumutbar. Bei Bekanntwerden von Rechtsverletzungen werden wir derartige Links umgehend entfernen.<\/p>\n<p style=\"text-align: center;\"><strong>Urheberrecht<\/strong><\/p>\n<p style=\"text-align: center;\">Die durch die Seitenbetreiber erstellten Inhalte und Werke auf diesen Seiten unterliegen dem deutschen Urheberrecht. Die Vervielf\u00e4ltigung, Bearbeitung, Verbreitung und jede Art der Verwertung au\u00dferhalb der Grenzen des Urheberrechtes bed\u00fcrfen der schriftlichen Zustimmung des jeweiligen Autors bzw. Erstellers. Downloads und Kopien dieser Seite sind nur f\u00fcr den privaten, nicht kommerziellen Gebrauch gestattet. Soweit die Inhalte auf dieser Seite nicht vom Betreiber erstellt wurden, werden die Urheberrechte Dritter beachtet. Insbesondere werden Inhalte Dritter als solche gekennzeichnet. Sollten Sie trotzdem auf eine Urheberrechtsverletzung aufmerksam werden, bitten wir um einen entsprechenden Hinweis. Bei Bekanntwerden von Rechtsverletzungen werden wir derartige Inhalte umgehend entfernen.<\/p>\n<p style=\"text-align: center;\"><strong>Online-Streitbeilegungsplattform<\/strong><br \/>\ngem\u00e4\u00df Art. 14 Abs. 1 ODR-VO: Die Europ\u00e4ische Kommission stellt eine Plattform zur Online-Streitbeilegung (OS) bereit, die Sie unter ec.europa.eu\/consumers\/odr\/ finden.<br \/>\nAu\u00dferdem verweisen wir bei Verbraucherbeschwerden auf unsere E-Mail Adresse<br \/>\n<a href=\"mailto:info@hotel-heldt.de\">info@hotel-heldt.de<\/a>.<\/p>\n<\/div><\/section><\/p><\/div><div class=\"flex_column av_one_fifth  flex_column_div av-zero-column-padding   avia-builder-el-6  el_after_av_three_fifth  avia-builder-el-last  \" style='border-radius:0px; '><\/div>\n","protected":false},"excerpt":{"rendered":"","protected":false},"author":1,"featured_media":0,"parent":0,"menu_order":0,"comment_status":"closed","ping_status":"closed","template":"","meta":{"footnotes":""},"class_list":["post-9366","page","type-page","status-publish","hentry"],"yoast_head":"<!-- This site is optimized with the Yoast SEO plugin v27.4 - https:\/\/yoast.com\/product\/yoast-seo-wordpress\/ -->\n<title>Our imprint | Hotel Heldt in Bremen Schwachhausen<\/title>\n<meta name=\"description\" content=\"In the imprint of Hotel Heldt in Bremen you will find important legal information about our company.\" \/>\n<meta name=\"robots\" content=\"index, follow, max-snippet:-1, max-image-preview:large, max-video-preview:-1\" \/>\n<link rel=\"canonical\" href=\"https:\/\/hotel-heldt.de\/en\/imprint\/\" \/>\n<meta property=\"og:locale\" content=\"en_US\" \/>\n<meta property=\"og:type\" content=\"article\" \/>\n<meta property=\"og:title\" content=\"Our imprint | Hotel Heldt in Bremen Schwachhausen\" \/>\n<meta property=\"og:description\" content=\"In the imprint of Hotel Heldt in Bremen you will find important legal information about our company.\" \/>\n<meta property=\"og:url\" content=\"https:\/\/hotel-heldt.de\/en\/imprint\/\" \/>\n<meta property=\"og:site_name\" content=\"Hotel Heldt Bremen\" \/>\n<meta property=\"article:modified_time\" content=\"2022-04-04T11:18:09+00:00\" \/>\n<meta name=\"twitter:card\" content=\"summary_large_image\" \/>\n<meta name=\"twitter:title\" content=\"Our imprint | Hotel Heldt in Bremen Schwachhausen\" \/>\n<meta name=\"twitter:description\" content=\"In the imprint of Hotel Heldt in Bremen you will find important legal information about our company.\" \/>\n<meta name=\"twitter:label1\" content=\"Est. reading time\" \/>\n\t<meta name=\"twitter:data1\" content=\"5 minutes\" \/>\n<script type=\"application\/ld+json\" class=\"yoast-schema-graph\">{\"@context\":\"https:\\\/\\\/schema.org\",\"@graph\":[{\"@type\":\"WebPage\",\"@id\":\"https:\\\/\\\/hotel-heldt.de\\\/en\\\/imprint\\\/\",\"url\":\"https:\\\/\\\/hotel-heldt.de\\\/en\\\/imprint\\\/\",\"name\":\"Our imprint | Hotel Heldt in Bremen Schwachhausen\",\"isPartOf\":{\"@id\":\"\\\/#website\"},\"datePublished\":\"2020-09-08T10:58:15+00:00\",\"dateModified\":\"2022-04-04T11:18:09+00:00\",\"description\":\"In the imprint of Hotel Heldt in Bremen you will find important legal information about our company.\",\"breadcrumb\":{\"@id\":\"https:\\\/\\\/hotel-heldt.de\\\/en\\\/imprint\\\/#breadcrumb\"},\"inLanguage\":\"en-US\",\"potentialAction\":[{\"@type\":\"ReadAction\",\"target\":[\"https:\\\/\\\/hotel-heldt.de\\\/en\\\/imprint\\\/\"]}]},{\"@type\":\"BreadcrumbList\",\"@id\":\"https:\\\/\\\/hotel-heldt.de\\\/en\\\/imprint\\\/#breadcrumb\",\"itemListElement\":[{\"@type\":\"ListItem\",\"position\":1,\"name\":\"Startseite\",\"item\":\"https:\\\/\\\/hotel-heldt.de\\\/en\\\/\"},{\"@type\":\"ListItem\",\"position\":2,\"name\":\"Imprint\"}]},{\"@type\":\"WebSite\",\"@id\":\"\\\/#website\",\"url\":\"\\\/\",\"name\":\"Hotel Heldt\",\"description\":\"Ihr Stadthotel in Bremen Schwachhausen\",\"publisher\":{\"@id\":\"\\\/#organization\"},\"potentialAction\":[{\"@type\":\"SearchAction\",\"target\":{\"@type\":\"EntryPoint\",\"urlTemplate\":\"\\\/?s={search_term_string}\"},\"query-input\":{\"@type\":\"PropertyValueSpecification\",\"valueRequired\":true,\"valueName\":\"search_term_string\"}}],\"inLanguage\":\"en-US\"},{\"@type\":\"Organization\",\"@id\":\"\\\/#organization\",\"name\":\"Hotel Heldt\",\"url\":\"\\\/\",\"logo\":{\"@type\":\"ImageObject\",\"inLanguage\":\"en-US\",\"@id\":\"\\\/#\\\/schema\\\/logo\\\/image\\\/\",\"url\":\"https:\\\/\\\/hotel-heldt.de\\\/wp-content\\\/uploads\\\/2021\\\/04\\\/Hotel_Heldt_Logo.png\",\"contentUrl\":\"https:\\\/\\\/hotel-heldt.de\\\/wp-content\\\/uploads\\\/2021\\\/04\\\/Hotel_Heldt_Logo.png\",\"width\":577,\"height\":423,\"caption\":\"Hotel Heldt\"},\"image\":{\"@id\":\"\\\/#\\\/schema\\\/logo\\\/image\\\/\"}}]}<\/script>\n<!-- \/ Yoast SEO plugin. -->","yoast_head_json":{"title":"Our imprint | Hotel Heldt in Bremen Schwachhausen","description":"In the imprint of Hotel Heldt in Bremen you will find important legal information about our company.","robots":{"index":"index","follow":"follow","max-snippet":"max-snippet:-1","max-image-preview":"max-image-preview:large","max-video-preview":"max-video-preview:-1"},"canonical":"https:\/\/hotel-heldt.de\/en\/imprint\/","og_locale":"en_US","og_type":"article","og_title":"Our imprint | Hotel Heldt in Bremen Schwachhausen","og_description":"In the imprint of Hotel Heldt in Bremen you will find important legal information about our company.","og_url":"https:\/\/hotel-heldt.de\/en\/imprint\/","og_site_name":"Hotel Heldt Bremen","article_modified_time":"2022-04-04T11:18:09+00:00","twitter_card":"summary_large_image","twitter_title":"Our imprint | Hotel Heldt in Bremen Schwachhausen","twitter_description":"In the imprint of Hotel Heldt in Bremen you will find important legal information about our company.","twitter_misc":{"Est. reading time":"5 minutes"},"schema":{"@context":"https:\/\/schema.org","@graph":[{"@type":"WebPage","@id":"https:\/\/hotel-heldt.de\/en\/imprint\/","url":"https:\/\/hotel-heldt.de\/en\/imprint\/","name":"Our imprint | Hotel Heldt in Bremen Schwachhausen","isPartOf":{"@id":"\/#website"},"datePublished":"2020-09-08T10:58:15+00:00","dateModified":"2022-04-04T11:18:09+00:00","description":"In the imprint of Hotel Heldt in Bremen you will find important legal information about our company.","breadcrumb":{"@id":"https:\/\/hotel-heldt.de\/en\/imprint\/#breadcrumb"},"inLanguage":"en-US","potentialAction":[{"@type":"ReadAction","target":["https:\/\/hotel-heldt.de\/en\/imprint\/"]}]},{"@type":"BreadcrumbList","@id":"https:\/\/hotel-heldt.de\/en\/imprint\/#breadcrumb","itemListElement":[{"@type":"ListItem","position":1,"name":"Startseite","item":"https:\/\/hotel-heldt.de\/en\/"},{"@type":"ListItem","position":2,"name":"Imprint"}]},{"@type":"WebSite","@id":"\/#website","url":"\/","name":"Hotel Heldt","description":"Ihr Stadthotel in Bremen Schwachhausen","publisher":{"@id":"\/#organization"},"potentialAction":[{"@type":"SearchAction","target":{"@type":"EntryPoint","urlTemplate":"\/?s={search_term_string}"},"query-input":{"@type":"PropertyValueSpecification","valueRequired":true,"valueName":"search_term_string"}}],"inLanguage":"en-US"},{"@type":"Organization","@id":"\/#organization","name":"Hotel Heldt","url":"\/","logo":{"@type":"ImageObject","inLanguage":"en-US","@id":"\/#\/schema\/logo\/image\/","url":"https:\/\/hotel-heldt.de\/wp-content\/uploads\/2021\/04\/Hotel_Heldt_Logo.png","contentUrl":"https:\/\/hotel-heldt.de\/wp-content\/uploads\/2021\/04\/Hotel_Heldt_Logo.png","width":577,"height":423,"caption":"Hotel Heldt"},"image":{"@id":"\/#\/schema\/logo\/image\/"}}]}},"_links":{"self":[{"href":"https:\/\/hotel-heldt.de\/en\/wp-json\/wp\/v2\/pages\/9366","targetHints":{"allow":["GET"]}}],"collection":[{"href":"https:\/\/hotel-heldt.de\/en\/wp-json\/wp\/v2\/pages"}],"about":[{"href":"https:\/\/hotel-heldt.de\/en\/wp-json\/wp\/v2\/types\/page"}],"author":[{"embeddable":true,"href":"https:\/\/hotel-heldt.de\/en\/wp-json\/wp\/v2\/users\/1"}],"replies":[{"embeddable":true,"href":"https:\/\/hotel-heldt.de\/en\/wp-json\/wp\/v2\/comments?post=9366"}],"version-history":[{"count":5,"href":"https:\/\/hotel-heldt.de\/en\/wp-json\/wp\/v2\/pages\/9366\/revisions"}],"predecessor-version":[{"id":9854,"href":"https:\/\/hotel-heldt.de\/en\/wp-json\/wp\/v2\/pages\/9366\/revisions\/9854"}],"wp:attachment":[{"href":"https:\/\/hotel-heldt.de\/en\/wp-json\/wp\/v2\/media?parent=9366"}],"curies":[{"name":"wp","href":"https:\/\/api.w.org\/{rel}","templated":true}]}}